{"id":176,"date":"2013-03-30T04:25:42","date_gmt":"2013-03-30T04:25:42","guid":{"rendered":"http:\/\/alexubagooficial.net\/es\/?page_id=176"},"modified":"2013-03-30T04:25:42","modified_gmt":"2013-03-30T04:25:42","slug":"acerca-de-nosotros","status":"publish","type":"page","link":"http:\/\/alexubagooficial.net\/es\/acerca-de-nosotros\/","title":{"rendered":"Acerca De Nosotros"},"content":{"rendered":"<p>ALEXUBAGO.NET se preocupa por tu privacidad. Hemos creado esta p\u00f3liza para hacerte saber qu\u00e9 tipo de informaci\u00f3n sobre ti guardamos y c\u00f3mo la usamos. Eventualmente actualizaremos esta p\u00f3liza , para mantenerte siempre informado sobre nuestras pr\u00e1cticas<\/p>\n<p>ALEXUBAGO.NET<br \/>\nest\u00e1 comprometida a respetar la privacidad de sus visitantes. La siguiente p\u00f3liza explica las necesidades y usos de la informaci\u00f3n personal de los visitantes de este sitio. ALEXUBAGO.NET incluye un sitio de internet, galer\u00eda, panel de mensajes y un club de fans. Los visitantes pueden ingresar a este sitio de manera an\u00f3nima cada vez que lo deseen. Los visitantes deben registrarse en la p\u00e1gina de internet para poder tener acceso al panel de mensajes y a la galer\u00eda. Todos nuestros servicios cuentan con protecci\u00f3n para contrase\u00f1as. En algunas ocasiones, el sitio solicitar\u00e1 informaci\u00f3n personal como nombre, correo electr\u00f3nico, direcci\u00f3n de casa y\/o n\u00famero telef\u00f3nico. En el caso de concursos, la informaci\u00f3n personal solicitada ser\u00e1 para contactar al ganador o ganadores. Se podr\u00e1n enviar boletines con actualizaciones e informaci\u00f3n acerca de este sitio v\u00eda correo electr\u00f3nico, s\u00f3lo con la autorizaci\u00f3 previa del visitante. Este sitio de internet nunca mostrar\u00e1 o vender\u00e1 ninguna informaci\u00f3n personal a terceras personas. Este sitio de internet incluye links para otras p\u00e1ginas de internet. ALEXUBAGO.NET no puede ser responsabilizado por el contenido en otras p\u00e1ginas de internet que est\u00e9n dentro de esos links. Al visitar este sitio, tu, el visitante, aceptas las pr\u00e1cticas descritas en esta p\u00f3liza de privacidad.<\/p>\n<p>C\u00f3mo Usamos Tu Informaci\u00f3n:<br \/>\nUsamos tu informaci\u00f3n para comunicarnos contigo, para proveerte de los servicios que has solicitado y para proveerte de una experiencia m\u00e1s personalizada en nuestro sitio. Adem\u00e1s del uso establecido en esta p\u00f3liza, la informaci\u00f3n de contacto recolectada en encuestas y concursos ser\u00e1 utilizada para notificar a los ganadores.<\/p>\n<p>PERSONAS MENORES DE 13 ANOS:<br \/>\nBuscamos cumplir con el Children\u00b4s Online Privacy Protection Act para nuestros usuarios con 12 a\u00f1os y menores. No solicitamos informaci\u00f3n personal a ni\u00f1os sin el adecuando consentimiento y supervisi\u00f3n de sus padres. No condicionamos la participaci\u00f3n de los ni\u00f1os en actividades del club para obtener informaci\u00f3n personal, solo se solicita la necesara para participar en la actividad.<\/p>\n<p>No compartimos informaci\u00f3n personal de los ni\u00f1os con terceras personas. Los padres tienen el derecho de revisar y borrar cualquier informaci\u00f3n personal que hayamos recolectado de sus hijos, y de reusarse a permitir la recolecci\u00f3n en el futuro de dicha informaci\u00f3n. Para iniciar ese proceso, env\u00ede un correo electr\u00f3nico webmaster@alexubago.net.<\/p>\n<p>CONCURSOS:<br \/>\nTodos los concursos son generados por Alex Ubago Fan Club. El material enviado a Alex Ubago Fan Club ser\u00e1 propiedad del sitio. Los ganadores deber\u00e1n proveer informaci\u00f3n personal para recibir sus premios. No compartimos la informaci\u00f3n personal con terceras personas, ni enviamos publicidad via correo. Todos los premios ser\u00e1n recibidos de 4 a 12 semanas de la fecha en que el ganador sea contactado. Nuestros premio son recibidos por el Fan Site o patrocinadores.<\/p>\n<p>DISCLAIMER:<br \/>\nSomos el Club de Fans Oficial de \u00c1lex Ubago en Estados Unidos. Por favor no nos env\u00eden ninguna informaci\u00f3n relacionada con la vida privada de \u00c1lex, chismes o comentarios absurdos. Todo el contenido en Alex Ubago Official United States Fan Club ha sido creado por Alexubago.net y toda la m\u00fasica est\u00e1 protegida contra copias por \u00c1lex Ubago. Los clips de m\u00fasica fueron creados por este sitio y no deben ser usados sin el permiso del artista o de Plug Promotions. (Todos los derechos reservados). A menos que sea establecido, todas las gr\u00e1ficas e im\u00e1genes est\u00e1n protegidas. Por favor no tomes nada del sitio y lo reclames como tuyo. Toda la documentaci\u00f3n de \u00c1lex Ubago ha sido tomada de Alexubago.com, Univision y otros lugares. Si tienes informaci\u00f3n en relaci\u00f3n con \u00c1lex Ubago o la promoci\u00f3n de \u00c1lex Ubago por favor contacta a su PR.<\/p>\n<p>Contactando al sitio: por favor diriga cualquier comentario acerca de este sitio de internet o sobre nuestra poliza de privacidad a webmaster@alexubago.net<\/p>\n<p>Por favor visite el Sitio Oficial de \u00c1lex Ubago para m\u00e1s informaci\u00f3n acerca de \u00c1lex Ubago.<\/p>\n","protected":false},"excerpt":{"rendered":"<p>ALEXUBAGO.NET se preocupa por tu privacidad. Hemos creado esta p\u00f3liza para hacerte saber qu\u00e9 tipo de informaci\u00f3n sobre ti guardamos y c\u00f3mo la usamos. Eventualmente actualizaremos esta p\u00f3liza , para mantenerte siempre informado sobre nuestras pr\u00e1cticas ALEXUBAGO.NET est\u00e1 comprometida a respetar la privacidad de sus visitantes. La siguiente p\u00f3liza explica las necesidades y usos de&#8230;<\/p>\n<p><a href=\"http:\/\/alexubagooficial.net\/es\/acerca-de-nosotros\/\" class=\"dotted \">Read more<\/a><\/p>\n","protected":false},"author":3,"featured_media":0,"parent":0,"menu_order":0,"comment_status":"open","ping_status":"open","template":"","meta":{"footnotes":""},"class_list":["post-176","page","type-page","status-publish","hentry"],"_links":{"self":[{"href":"http:\/\/alexubagooficial.net\/es\/wp-json\/wp\/v2\/pages\/176","targetHints":{"allow":["GET"]}}],"collection":[{"href":"http:\/\/alexubagooficial.net\/es\/wp-json\/wp\/v2\/pages"}],"about":[{"href":"http:\/\/alexubagooficial.net\/es\/wp-json\/wp\/v2\/types\/page"}],"author":[{"embeddable":true,"href":"http:\/\/alexubagooficial.net\/es\/wp-json\/wp\/v2\/users\/3"}],"replies":[{"embeddable":true,"href":"http:\/\/alexubagooficial.net\/es\/wp-json\/wp\/v2\/comments?post=176"}],"version-history":[{"count":2,"href":"http:\/\/alexubagooficial.net\/es\/wp-json\/wp\/v2\/pages\/176\/revisions"}],"predecessor-version":[{"id":2407,"href":"http:\/\/alexubagooficial.net\/es\/wp-json\/wp\/v2\/pages\/176\/revisions\/2407"}],"wp:attachment":[{"href":"http:\/\/alexubagooficial.net\/es\/wp-json\/wp\/v2\/media?parent=176"}],"curies":[{"name":"wp","href":"https:\/\/api.w.org\/{rel}","templated":true}]}}