{"id":1425,"date":"2013-09-05T13:00:53","date_gmt":"2013-09-05T13:00:53","guid":{"rendered":"http:\/\/alexubagooficial.net\/es\/?page_id=1425"},"modified":"2014-04-26T21:20:40","modified_gmt":"2014-04-26T21:20:40","slug":"concurso","status":"publish","type":"page","link":"http:\/\/alexubagooficial.net\/es\/proximas-actividades\/concurso\/","title":{"rendered":"Concurso"},"content":{"rendered":"<p style=\"text-align: center;\"><strong>Gana una copia firmada de Mentiras sinceras<\/strong><\/p>\n<p><a href=\"http:\/\/alexubagooficial.net\/es\/wp-content\/uploads\/2013\/09\/contest-spanish.jpg\"><img loading=\"lazy\" decoding=\"async\" class=\"size-large wp-image-2517 aligncenter\" alt=\"contest spanish\" src=\"http:\/\/alexubagooficial.net\/es\/wp-content\/uploads\/2013\/09\/contest-spanish-940x330.jpg\" width=\"620\" height=\"217\" srcset=\"http:\/\/alexubagooficial.net\/es\/wp-content\/uploads\/2013\/09\/contest-spanish-940x330.jpg 940w, http:\/\/alexubagooficial.net\/es\/wp-content\/uploads\/2013\/09\/contest-spanish-300x105.jpg 300w, http:\/\/alexubagooficial.net\/es\/wp-content\/uploads\/2013\/09\/contest-spanish-571x200.jpg 571w, http:\/\/alexubagooficial.net\/es\/wp-content\/uploads\/2013\/09\/contest-spanish-620x217.jpg 620w, http:\/\/alexubagooficial.net\/es\/wp-content\/uploads\/2013\/09\/contest-spanish.jpg 1000w\" sizes=\"auto, (max-width: 620px) 100vw, 620px\" \/><\/a><\/p>\n<p><strong>Reglas del concurso:<\/strong> \u00bfTiene usted un talento para la escritura, la fotograf\u00eda, cocinar, cantar, hacer videos, creaci\u00f3n de p\u00e1ginas del libro de recuerdos, u otros pasatiempos creativos? \u00bfEst\u00e1 buscando para poner a prueba tus habilidades contra otros entusiastas de ganar fant\u00e1sticos premios? Pon a prueba tu creatividad y sorpr\u00e9ndase con los resultados!<\/p>\n<p>Para participar en el concurso debes presentar un v\u00eddeo creativo. Una vez que hayas enviado el v\u00eddeo a continuaci\u00f3n, Tienes que mostrarnos con un Print Screen que te &#8216;Me gusta&#8217; <a title=\"Warner Music Latina\" href=\"https:\/\/www.facebook.com\/warnermusiclat\" target=\"_blank\">Warner Music Latina<\/a> en Facebook y <a title=\"Alex Ubago Music\" href=\"http:\/\/www.fac\" target=\"_blank\">Alex Ubago Music<\/a> en Facebook. Por favor env\u00edanos un Print Screen. El 31 de mayo, vamos a empezar a mirar presentaciones y ser\u00e1 reducir los videos para los cinco primeros.<br \/>\nS\u00f3lo un video puede ser el ganador en este concurso. \u00a1Buena suerte!<\/p>\n<p><strong>Fechas del Concurso<\/strong>: 1 may-31 may, 2014<\/p>\n<p>Por favor, env\u00eda tu video y los prints screen a  <strong>fanclub@alexubago.net<\/strong><\/p>\n<p>No utilice Youtube.com &#8211; Utilice <a title=\"Vimeo\" href=\"http:\/\/ww.vimeo.com\" target=\"_blank\">Vimeo.com<\/a> con restricciones limitadas.<\/p>\n<p><a href=\"http:\/\/alexubagooficial.net\/es\/wp-content\/uploads\/2013\/09\/sds.jpg\"><img loading=\"lazy\" decoding=\"async\" class=\"alignnone size-medium wp-image-2519\" alt=\"sds\" src=\"http:\/\/alexubagooficial.net\/es\/wp-content\/uploads\/2013\/09\/sds-267x200.jpg\" width=\"267\" height=\"200\" srcset=\"http:\/\/alexubagooficial.net\/es\/wp-content\/uploads\/2013\/09\/sds-267x200.jpg 267w, http:\/\/alexubagooficial.net\/es\/wp-content\/uploads\/2013\/09\/sds-240x180.jpg 240w, http:\/\/alexubagooficial.net\/es\/wp-content\/uploads\/2013\/09\/sds-440x330.jpg 440w, http:\/\/alexubagooficial.net\/es\/wp-content\/uploads\/2013\/09\/sds.jpg 526w\" sizes=\"auto, (max-width: 267px) 100vw, 267px\" \/><\/a><\/p>\n","protected":false},"excerpt":{"rendered":"<p>Gana una copia firmada de Mentiras sinceras Reglas del concurso: \u00bfTiene usted un talento para la escritura, la fotograf\u00eda, cocinar, cantar, hacer videos, creaci\u00f3n de p\u00e1ginas del libro de recuerdos, u otros pasatiempos creativos? \u00bfEst\u00e1 buscando para poner a prueba tus habilidades contra otros entusiastas de ganar fant\u00e1sticos premios? Pon a prueba tu creatividad y&#8230;<\/p>\n<p><a href=\"http:\/\/alexubagooficial.net\/es\/proximas-actividades\/concurso\/\" class=\"dotted \">Read more<\/a><\/p>\n","protected":false},"author":3,"featured_media":0,"parent":48,"menu_order":0,"comment_status":"open","ping_status":"open","template":"","meta":{"footnotes":""},"class_list":["post-1425","page","type-page","status-publish","hentry"],"_links":{"self":[{"href":"http:\/\/alexubagooficial.net\/es\/wp-json\/wp\/v2\/pages\/1425","targetHints":{"allow":["GET"]}}],"collection":[{"href":"http:\/\/alexubagooficial.net\/es\/wp-json\/wp\/v2\/pages"}],"about":[{"href":"http:\/\/alexubagooficial.net\/es\/wp-json\/wp\/v2\/types\/page"}],"author":[{"embeddable":true,"href":"http:\/\/alexubagooficial.net\/es\/wp-json\/wp\/v2\/users\/3"}],"replies":[{"embeddable":true,"href":"http:\/\/alexubagooficial.net\/es\/wp-json\/wp\/v2\/comments?post=1425"}],"version-history":[{"count":71,"href":"http:\/\/alexubagooficial.net\/es\/wp-json\/wp\/v2\/pages\/1425\/revisions"}],"predecessor-version":[{"id":2524,"href":"http:\/\/alexubagooficial.net\/es\/wp-json\/wp\/v2\/pages\/1425\/revisions\/2524"}],"up":[{"embeddable":true,"href":"http:\/\/alexubagooficial.net\/es\/wp-json\/wp\/v2\/pages\/48"}],"wp:attachment":[{"href":"http:\/\/alexubagooficial.net\/es\/wp-json\/wp\/v2\/media?parent=1425"}],"curies":[{"name":"wp","href":"https:\/\/api.w.org\/{rel}","templated":true}]}}