{"id":119,"date":"2013-03-29T05:30:59","date_gmt":"2013-03-29T05:30:59","guid":{"rendered":"http:\/\/alexubagooficial.net\/?page_id=119"},"modified":"2013-03-30T00:38:14","modified_gmt":"2013-03-30T00:38:14","slug":"biografia","status":"publish","type":"page","link":"http:\/\/alexubagooficial.net\/es\/biografia\/","title":{"rendered":"Sobre Alex"},"content":{"rendered":"<p>Alex Ubago naci\u00f3 en Vitoria, Espa\u00f1a el 29 de enero de 1981. Fue bautizado el 17 de febrero con el nombre de Alejandro, aunque pronto se convirti\u00f3 en Alex. Alex es hijo \u00fanico. Cuando ten\u00eda cuatro a\u00f1os sus padres se mudaron a San Sebasti\u00e1n por cuestiones de trabajo. Ha vivido ah\u00ed desde entonces. Alex es muy extrovertido, con su lado t\u00edmido, pero sin problemas para relacionarse con otros. Siempre ha disfrutado de las cosas, disfruta la vida en todo momento y nunca ha dejado de salir un fin de semana a causa de alg\u00fan examen.<\/p>\n<p>&#8220;Sin pensar en nada, por pura diversi\u00f3n, igual me daba por hacer una canci\u00f3n. As\u00ed empec\u00e9 con 15 a\u00f1os. Y lleg\u00f3 un d\u00eda en el que termin\u00e9 una canci\u00f3n que me gust\u00f3. Ten\u00eda ganas de que alguien la escuchara, de cant\u00e1rsela a cualquiera. Esa primera canci\u00f3n a\u00fan existe; est\u00e1 escrita pero no se ha grabado en disco. A partir de ah\u00ed segu\u00ed escribiendo. Poco despu\u00e9s hice Sabes y Hay que ver, que est\u00e1n grabadas en la primera maqueta. Y cog\u00ed la costumbre. No me sentaba todos los d\u00edas a las 11 a componer, pero sal\u00edan cosas. Estaba en la cama y aparec\u00eda una melod\u00eda o una letra. Escrib\u00eda un p\u00e1rrafo, no sab\u00eda c\u00f3mo seguir, lo dejaba a medias, continuaba d\u00edas o semanas despu\u00e9s.&#8221;<\/p>\n<p>Un d\u00eda Alex llam\u00f3 a su primo David. \u00c9l es m\u00fasico y tiene un estudio casero. Alex se emocion\u00f3, durante dos o tres semanas sol\u00eda ir ah\u00ed todas las noches para grabar. Su primera maqueta ten\u00eda 5 canciones. Finaliz\u00f3 de grabar las cinco canciones, dos o tres canciones fueron escritas para su novia de aquel momento, su cumplea\u00f1os se acercaba y \u00e9l le regalo la maqueta. Alex pens\u00f3 que era un bonito detalle, original. Esas fueron las primeras canciones que su manager, \u00cd\u00f1igo Argom\u00e1niz, escuch\u00f3. Ram\u00f3n, el primo de \u00c1lex le dio el modelo a \u00cd\u00f1igo, el es due\u00f1o del \u201cAntonio Bar\u201d, al que \u00cd\u00f1igo sol\u00eda acudir.<\/p>\n<p>Despu\u00e9s, por supusto, vinieron m\u00e1s canciones y m\u00e1s maquetas. \u00c1lex le platic\u00f3 sobre su vida y sobre que no ten\u00eda m\u00e1s canciones grabadas. &#8220;\u00cd\u00f1igo me dijo que le gustaban, que siguiera escribiendo tranquilo, con calma. Nunca me prometi\u00f3 nada; nunca me dijo que iba a grabar un disco. Simplemente que nos volver\u00edamos a sentar cuando tuviera 12 o 14 canciones m\u00e1s. Volv\u00ed a casa dando botes. Y me puse a escribir sin fecha determinada, sin plazo fijo. Cuando tuve m\u00e1s canciones, se las mand\u00e9. Me pidi\u00f3 m\u00e1s y escrib\u00ed m\u00e1s. 25 canciones en un a\u00f1o.&#8221; Las canciones de \u00c1lex cuentan historias simples, historias personales que le pueden suceder a cualquier persona. &#8220;No planteo ninguna relaci\u00f3n de poder ni de predominio de una persona sobre otra. Nadie es ganador ni perdedor. Todos aprendemos y todos ense\u00f1amos. Unas veces necesito y otras me necesitan. Quiero mantener un equilibrio entre las dos partes de una relaci\u00f3n y defiendo la libertad individual, la necesidad de que cada uno busque y siga su camino. Ser uno mismo.&#8221;<\/p>\n<p>\u00c1lex sol\u00eda enviar las nuevas canciones a \u00cd\u00f1igo y \u00e9l las enviaba a Alfonso P\u00e9rez, director art\u00edstico de DRO. Cuando \u00c1lex acumul\u00f3 una cantidad considerable de canciones, fue a Madrid a conocer a la gente de la disquera. &#8220;En octubre de 2000 volv\u00ed para firmar el contrato con Dro. En enero de 2001 ya estaba trabajando con Jes\u00fas G\u00f3mez, mi productor. Cuando comenc\u00e9 a grabar el disco, no ten\u00eda una banda. A los m\u00fasicos que hoy tocan conmigo los conoc\u00ed despu\u00e9s, cuando necesit\u00e9 ensayar por si acaso sal\u00eda alg\u00fan concierto. Adoro a los cinco. No me siento como un solista con un grupo de acompa\u00f1amiento detr\u00e1s. Marco, Xavi, Sergio, Carlos, Paul y yo hemos hecho un grupo de amigos porque han sido dos a\u00f1os de viajar sin parar, todo el d\u00eda juntos. Seguimos los mismos desde el principio y siempre aportan cosas.&#8221;<\/p>\n<p>La vida de \u00c1lex ha cambiado, pero m\u00e1s a su alrededor que a \u00e9l mismo. &#8220;He aprendido mucho, pero mi personalidad no ha variado. El trabajo, las experiencias, los viajes&#8230; Todo me ayuda a madurar. Ha aumentado mi sentido de la responsabilidad porque trabajo con mucha gente, pero no me siento presionado por esto. No tengo la sensaci\u00f3n de que todos dependen de m\u00ed. Al menos, yo no creo que sea as\u00ed. Tambi\u00e9n he perdido algo de libertad personal, aunque no me siento perseguido ni acosado. Tampoco me planteo que puedo influir en otras personas a trav\u00e9s de mis canciones, aunque sea as\u00ed, porque no quiero influir en nadie. Me gusta que la gente se sienta bien escuch\u00e1ndome, que mis canciones puedan ser \u00fatiles interpret\u00e1ndolas a su manera, pero nada m\u00e1s.Intento llevar una carrera musical controlada. Aparecer cuando tengo que hacerlo y desaparecer cuando lo necesito. No voy a dar pie en mi vida a cualquier cosa que no tenga relaci\u00f3n con la m\u00fasica. Quiz\u00e1 vender\u00eda m\u00e1s discos, pero no me merece la pena. Creo que puedo mantener esta actitud porque est\u00e1 en mi personalidad. Hay personas que s\u00f3lo quieren hacerse famosas. Yo quiero vivir de la m\u00fasica y con esto tengo de sobra. Me hubiera conformado con mucho menos.&#8221;<\/p>\n<p>El <a title=\"10 de septiembre\" href=\"http:\/\/es.wikipedia.org\/wiki\/10_de_septiembre\">10 de septiembre<\/a> de <a title=\"2011\" href=\"http:\/\/es.wikipedia.org\/wiki\/2011\">2011<\/a> contrajo matrimonio en una ceremonia civil discreta, con Mar\u00eda Alcorta Garrido en el <a title=\"Ayuntamiento de San Sebasti\u00e1n\" href=\"http:\/\/es.wikipedia.org\/wiki\/Ayuntamiento_de_San_Sebasti%C3%A1n\">Ayuntamiento de San Sebasti\u00e1n<\/a>. El 7 de julio naci\u00f3 su hijo, Pablo Mart\u00ednez de Ubago Alcorta.<\/p>\n","protected":false},"excerpt":{"rendered":"<p>Alex Ubago naci\u00f3 en Vitoria, Espa\u00f1a el 29 de enero de 1981. Fue bautizado el 17 de febrero con el nombre de Alejandro, aunque pronto se convirti\u00f3 en Alex. Alex es hijo \u00fanico. Cuando ten\u00eda cuatro a\u00f1os sus padres se mudaron a San Sebasti\u00e1n por cuestiones de trabajo. Ha vivido ah\u00ed desde entonces. Alex es&#8230;<\/p>\n<p><a href=\"http:\/\/alexubagooficial.net\/es\/biografia\/\" class=\"dotted \">Read more<\/a><\/p>\n","protected":false},"author":3,"featured_media":0,"parent":0,"menu_order":0,"comment_status":"open","ping_status":"open","template":"","meta":{"footnotes":""},"class_list":["post-119","page","type-page","status-publish","hentry"],"_links":{"self":[{"href":"http:\/\/alexubagooficial.net\/es\/wp-json\/wp\/v2\/pages\/119","targetHints":{"allow":["GET"]}}],"collection":[{"href":"http:\/\/alexubagooficial.net\/es\/wp-json\/wp\/v2\/pages"}],"about":[{"href":"http:\/\/alexubagooficial.net\/es\/wp-json\/wp\/v2\/types\/page"}],"author":[{"embeddable":true,"href":"http:\/\/alexubagooficial.net\/es\/wp-json\/wp\/v2\/users\/3"}],"replies":[{"embeddable":true,"href":"http:\/\/alexubagooficial.net\/es\/wp-json\/wp\/v2\/comments?post=119"}],"version-history":[{"count":2,"href":"http:\/\/alexubagooficial.net\/es\/wp-json\/wp\/v2\/pages\/119\/revisions"}],"predecessor-version":[{"id":155,"href":"http:\/\/alexubagooficial.net\/es\/wp-json\/wp\/v2\/pages\/119\/revisions\/155"}],"wp:attachment":[{"href":"http:\/\/alexubagooficial.net\/es\/wp-json\/wp\/v2\/media?parent=119"}],"curies":[{"name":"wp","href":"https:\/\/api.w.org\/{rel}","templated":true}]}}